{"id":2365,"date":"2026-04-02T07:46:46","date_gmt":"2026-04-02T07:46:46","guid":{"rendered":"https:\/\/dededen.com\/?post_type=product&#038;p=2365"},"modified":"2026-04-02T07:50:12","modified_gmt":"2026-04-02T07:50:12","slug":"antep-fistigi-kremasi","status":"publish","type":"product","link":"https:\/\/dededen.com\/index.php\/product\/antep-fistigi-kremasi\/","title":{"rendered":"Antep F\u0131st\u0131\u011f\u0131 Kremas\u0131"},"content":{"rendered":"<p>Kremam\u0131z tamamen B\u00fct\u00fcn Boz Antep F\u0131st\u0131\u011f\u0131n&#8217;dan \u00fcretilmi\u015f olup lezzetli ve besleyicidir.<\/p>\n<p>\u00dcr\u00fcn Net Miktar\u0131:200gr<\/p>\n","protected":false},"excerpt":{"rendered":"<p>Kremam\u0131z tamamen B\u00fct\u00fcn Boz Antep F\u0131st\u0131\u011f\u0131n&#8217;dan \u00fcretilmi\u015f olup lezzetli ve besleyicidir. \u00dcr\u00fcn Net Miktar\u0131:200gr<\/p>\n","protected":false},"featured_media":2366,"template":"","meta":[],"product_brand":[],"product_cat":[],"product_tag":[],"class_list":{"0":"post-2365","1":"product","2":"type-product","3":"status-publish","4":"has-post-thumbnail","7":"first","8":"instock","9":"taxable","10":"shipping-taxable","11":"purchasable","12":"product-type-simple"},"yoast_head":"<!-- This site is optimized with the Yoast SEO plugin v27.3 - https:\/\/yoast.com\/product\/yoast-seo-wordpress\/ -->\n<title>Antep F\u0131st\u0131\u011f\u0131 Kremas\u0131 - dededen<\/title>\n<meta name=\"robots\" content=\"index, follow, max-snippet:-1, max-image-preview:large, max-video-preview:-1\" \/>\n<link rel=\"canonical\" href=\"https:\/\/dededen.com\/index.php\/product\/antep-fistigi-kremasi\/\" \/>\n<meta property=\"og:locale\" content=\"tr_TR\" \/>\n<meta property=\"og:type\" content=\"article\" \/>\n<meta property=\"og:title\" content=\"Antep F\u0131st\u0131\u011f\u0131 Kremas\u0131 - dededen\" \/>\n<meta property=\"og:description\" content=\"Kremam\u0131z tamamen B\u00fct\u00fcn Boz Antep F\u0131st\u0131\u011f\u0131n&#8217;dan \u00fcretilmi\u015f olup lezzetli ve besleyicidir. \u00dcr\u00fcn Net Miktar\u0131:200gr\" \/>\n<meta property=\"og:url\" content=\"https:\/\/dededen.com\/index.php\/product\/antep-fistigi-kremasi\/\" \/>\n<meta property=\"og:site_name\" content=\"dededen\" \/>\n<meta property=\"article:modified_time\" content=\"2026-04-02T07:50:12+00:00\" \/>\n<meta property=\"og:image\" content=\"https:\/\/dededen.com\/wp-content\/uploads\/2026\/04\/dededen-krema-scaled.jpeg\" \/>\n\t<meta property=\"og:image:width\" content=\"2560\" \/>\n\t<meta property=\"og:image:height\" content=\"2560\" \/>\n\t<meta property=\"og:image:type\" content=\"image\/jpeg\" \/>\n<meta name=\"twitter:card\" content=\"summary_large_image\" \/>\n<meta name=\"twitter:label1\" content=\"Tahmini okuma s\u00fcresi\" \/>\n\t<meta name=\"twitter:data1\" content=\"1 dakika\" \/>\n<!-- \/ Yoast SEO plugin. -->","yoast_head_json":{"title":"Antep F\u0131st\u0131\u011f\u0131 Kremas\u0131 - dededen","robots":{"index":"index","follow":"follow","max-snippet":"max-snippet:-1","max-image-preview":"max-image-preview:large","max-video-preview":"max-video-preview:-1"},"canonical":"https:\/\/dededen.com\/index.php\/product\/antep-fistigi-kremasi\/","og_locale":"tr_TR","og_type":"article","og_title":"Antep F\u0131st\u0131\u011f\u0131 Kremas\u0131 - dededen","og_description":"Kremam\u0131z tamamen B\u00fct\u00fcn Boz Antep F\u0131st\u0131\u011f\u0131n&#8217;dan \u00fcretilmi\u015f olup lezzetli ve besleyicidir. \u00dcr\u00fcn Net Miktar\u0131:200gr","og_url":"https:\/\/dededen.com\/index.php\/product\/antep-fistigi-kremasi\/","og_site_name":"dededen","article_modified_time":"2026-04-02T07:50:12+00:00","og_image":[{"width":2560,"height":2560,"url":"https:\/\/dededen.com\/wp-content\/uploads\/2026\/04\/dededen-krema-scaled.jpeg","type":"image\/jpeg"}],"twitter_card":"summary_large_image","twitter_misc":{"Tahmini okuma s\u00fcresi":"1 dakika"},"schema":{"@context":"https:\/\/schema.org","@graph":[{"@type":"WebPage","@id":"https:\/\/dededen.com\/index.php\/product\/antep-fistigi-kremasi\/","url":"https:\/\/dededen.com\/index.php\/product\/antep-fistigi-kremasi\/","name":"Antep F\u0131st\u0131\u011f\u0131 Kremas\u0131 - dededen","isPartOf":{"@id":"https:\/\/dededen.com\/#website"},"primaryImageOfPage":{"@id":"https:\/\/dededen.com\/index.php\/product\/antep-fistigi-kremasi\/#primaryimage"},"image":{"@id":"https:\/\/dededen.com\/index.php\/product\/antep-fistigi-kremasi\/#primaryimage"},"thumbnailUrl":"https:\/\/dededen.com\/wp-content\/uploads\/2026\/04\/dededen-krema-scaled.jpeg","datePublished":"2026-04-02T07:46:46+00:00","dateModified":"2026-04-02T07:50:12+00:00","breadcrumb":{"@id":"https:\/\/dededen.com\/index.php\/product\/antep-fistigi-kremasi\/#breadcrumb"},"inLanguage":"tr","potentialAction":[{"@type":"ReadAction","target":["https:\/\/dededen.com\/index.php\/product\/antep-fistigi-kremasi\/"]}]},{"@type":"ImageObject","inLanguage":"tr","@id":"https:\/\/dededen.com\/index.php\/product\/antep-fistigi-kremasi\/#primaryimage","url":"https:\/\/dededen.com\/wp-content\/uploads\/2026\/04\/dededen-krema-scaled.jpeg","contentUrl":"https:\/\/dededen.com\/wp-content\/uploads\/2026\/04\/dededen-krema-scaled.jpeg","width":2560,"height":2560},{"@type":"BreadcrumbList","@id":"https:\/\/dededen.com\/index.php\/product\/antep-fistigi-kremasi\/#breadcrumb","itemListElement":[{"@type":"ListItem","position":1,"name":"Anasayfa","item":"https:\/\/dededen.com\/"},{"@type":"ListItem","position":2,"name":"Shop","item":"https:\/\/dededen.com\/index.php\/shop\/"},{"@type":"ListItem","position":3,"name":"Antep F\u0131st\u0131\u011f\u0131 Kremas\u0131"}]},{"@type":"WebSite","@id":"https:\/\/dededen.com\/#website","url":"https:\/\/dededen.com\/","name":"dededen","description":"\u201cDededen\u201d bir Familia G\u0131da markas\u0131d\u0131r\u00ae\u201cDededen\u201d is a Familia Food Inc.\u00a0Company\u00a0brand\u00ae","publisher":{"@id":"https:\/\/dededen.com\/#organization"},"potentialAction":[{"@type":"SearchAction","target":{"@type":"EntryPoint","urlTemplate":"https:\/\/dededen.com\/?s={search_term_string}"},"query-input":{"@type":"PropertyValueSpecification","valueRequired":true,"valueName":"search_term_string"}}],"inLanguage":"tr"},{"@type":"Organization","@id":"https:\/\/dededen.com\/#organization","name":"dededen","url":"https:\/\/dededen.com\/","logo":{"@type":"ImageObject","inLanguage":"tr","@id":"https:\/\/dededen.com\/#\/schema\/logo\/image\/","url":"https:\/\/dededen.com\/wp-content\/uploads\/2024\/12\/dededen-fav.png","contentUrl":"https:\/\/dededen.com\/wp-content\/uploads\/2024\/12\/dededen-fav.png","width":512,"height":512,"caption":"dededen"},"image":{"@id":"https:\/\/dededen.com\/#\/schema\/logo\/image\/"},"sameAs":["https:\/\/www.instagram.com\/de.de.den\/"]}]}},"_links":{"self":[{"href":"https:\/\/dededen.com\/index.php\/wp-json\/wp\/v2\/product\/2365","targetHints":{"allow":["GET"]}}],"collection":[{"href":"https:\/\/dededen.com\/index.php\/wp-json\/wp\/v2\/product"}],"about":[{"href":"https:\/\/dededen.com\/index.php\/wp-json\/wp\/v2\/types\/product"}],"wp:featuredmedia":[{"embeddable":true,"href":"https:\/\/dededen.com\/index.php\/wp-json\/wp\/v2\/media\/2366"}],"wp:attachment":[{"href":"https:\/\/dededen.com\/index.php\/wp-json\/wp\/v2\/media?parent=2365"}],"wp:term":[{"taxonomy":"product_brand","embeddable":true,"href":"https:\/\/dededen.com\/index.php\/wp-json\/wp\/v2\/product_brand?post=2365"},{"taxonomy":"product_cat","embeddable":true,"href":"https:\/\/dededen.com\/index.php\/wp-json\/wp\/v2\/product_cat?post=2365"},{"taxonomy":"product_tag","embeddable":true,"href":"https:\/\/dededen.com\/index.php\/wp-json\/wp\/v2\/product_tag?post=2365"}],"curies":[{"name":"wp","href":"https:\/\/api.w.org\/{rel}","templated":true}]}}