{"id":1251,"date":"2023-12-29T00:44:02","date_gmt":"2023-12-29T00:44:02","guid":{"rendered":"https:\/\/dededen.com\/?post_type=product&#038;p=1251"},"modified":"2025-11-19T09:47:37","modified_gmt":"2025-11-19T09:47:37","slug":"kirmizi-ic-antep-fistigi","status":"publish","type":"product","link":"https:\/\/dededen.com\/index.php\/product\/kirmizi-ic-antep-fistigi\/","title":{"rendered":"K\u0131rm\u0131z\u0131 \u0130\u00e7 Antep F\u0131st\u0131\u011f\u0131"},"content":{"rendered":"<p>K\u0131rm\u0131z\u0131 \u0130\u00e7 Antep F\u0131st\u0131\u011f\u0131, Antep f\u0131st\u0131\u011f\u0131n\u0131n olgunla\u015fm\u0131\u015f halidir. Ge\u00e7 hasat d\u00f6neminde hasat edilmesiyle elde edilen f\u0131st\u0131k t\u00fcr\u00fcd\u00fcr. Genellikle; pasta, \u00e7ikolata vb. sekt\u00f6rlerde kullan\u0131lmaktad\u0131r.<\/p>\n","protected":false},"excerpt":{"rendered":"<p>K\u0131rm\u0131z\u0131 \u0130\u00e7 Antep F\u0131st\u0131\u011f\u0131, Antep f\u0131st\u0131\u011f\u0131n\u0131n olgunla\u015fm\u0131\u015f halidir. Ge\u00e7 hasat d\u00f6neminde hasat edilmesiyle elde edilen f\u0131st\u0131k t\u00fcr\u00fcd\u00fcr. Genellikle; pasta, \u00e7ikolata vb. sekt\u00f6rlerde kullan\u0131lmaktad\u0131r.<\/p>\n","protected":false},"featured_media":859,"template":"","meta":[],"product_brand":[],"product_cat":[],"product_tag":[],"class_list":{"0":"post-1251","1":"product","2":"type-product","3":"status-publish","4":"has-post-thumbnail","7":"first","8":"instock","9":"purchasable","10":"product-type-variable","11":"has-default-attributes"},"yoast_head":"<!-- This site is optimized with the Yoast SEO plugin v27.3 - https:\/\/yoast.com\/product\/yoast-seo-wordpress\/ -->\n<title>K\u0131rm\u0131z\u0131 \u0130\u00e7 Antep F\u0131st\u0131\u011f\u0131 - dededen<\/title>\n<meta name=\"robots\" content=\"index, follow, max-snippet:-1, max-image-preview:large, max-video-preview:-1\" \/>\n<link rel=\"canonical\" href=\"https:\/\/dededen.com\/index.php\/product\/kirmizi-ic-antep-fistigi\/\" \/>\n<meta property=\"og:locale\" content=\"tr_TR\" \/>\n<meta property=\"og:type\" content=\"article\" \/>\n<meta property=\"og:title\" content=\"K\u0131rm\u0131z\u0131 \u0130\u00e7 Antep F\u0131st\u0131\u011f\u0131 - dededen\" \/>\n<meta property=\"og:description\" content=\"K\u0131rm\u0131z\u0131 \u0130\u00e7 Antep F\u0131st\u0131\u011f\u0131, Antep f\u0131st\u0131\u011f\u0131n\u0131n olgunla\u015fm\u0131\u015f halidir. Ge\u00e7 hasat d\u00f6neminde hasat edilmesiyle elde edilen f\u0131st\u0131k t\u00fcr\u00fcd\u00fcr. Genellikle; pasta, \u00e7ikolata vb. sekt\u00f6rlerde kullan\u0131lmaktad\u0131r.\" \/>\n<meta property=\"og:url\" content=\"https:\/\/dededen.com\/index.php\/product\/kirmizi-ic-antep-fistigi\/\" \/>\n<meta property=\"og:site_name\" content=\"dededen\" \/>\n<meta property=\"article:modified_time\" content=\"2025-11-19T09:47:37+00:00\" \/>\n<meta property=\"og:image\" content=\"https:\/\/dededen.com\/wp-content\/uploads\/2023\/12\/kirmizi_cig.jpg\" \/>\n\t<meta property=\"og:image:width\" content=\"500\" \/>\n\t<meta property=\"og:image:height\" content=\"500\" \/>\n\t<meta property=\"og:image:type\" content=\"image\/jpeg\" \/>\n<meta name=\"twitter:card\" content=\"summary_large_image\" \/>\n<meta name=\"twitter:label1\" content=\"Tahmini okuma s\u00fcresi\" \/>\n\t<meta name=\"twitter:data1\" content=\"1 dakika\" \/>\n<!-- \/ Yoast SEO plugin. -->","yoast_head_json":{"title":"K\u0131rm\u0131z\u0131 \u0130\u00e7 Antep F\u0131st\u0131\u011f\u0131 - dededen","robots":{"index":"index","follow":"follow","max-snippet":"max-snippet:-1","max-image-preview":"max-image-preview:large","max-video-preview":"max-video-preview:-1"},"canonical":"https:\/\/dededen.com\/index.php\/product\/kirmizi-ic-antep-fistigi\/","og_locale":"tr_TR","og_type":"article","og_title":"K\u0131rm\u0131z\u0131 \u0130\u00e7 Antep F\u0131st\u0131\u011f\u0131 - dededen","og_description":"K\u0131rm\u0131z\u0131 \u0130\u00e7 Antep F\u0131st\u0131\u011f\u0131, Antep f\u0131st\u0131\u011f\u0131n\u0131n olgunla\u015fm\u0131\u015f halidir. Ge\u00e7 hasat d\u00f6neminde hasat edilmesiyle elde edilen f\u0131st\u0131k t\u00fcr\u00fcd\u00fcr. Genellikle; pasta, \u00e7ikolata vb. sekt\u00f6rlerde kullan\u0131lmaktad\u0131r.","og_url":"https:\/\/dededen.com\/index.php\/product\/kirmizi-ic-antep-fistigi\/","og_site_name":"dededen","article_modified_time":"2025-11-19T09:47:37+00:00","og_image":[{"width":500,"height":500,"url":"https:\/\/dededen.com\/wp-content\/uploads\/2023\/12\/kirmizi_cig.jpg","type":"image\/jpeg"}],"twitter_card":"summary_large_image","twitter_misc":{"Tahmini okuma s\u00fcresi":"1 dakika"},"schema":{"@context":"https:\/\/schema.org","@graph":[{"@type":"WebPage","@id":"https:\/\/dededen.com\/index.php\/product\/kirmizi-ic-antep-fistigi\/","url":"https:\/\/dededen.com\/index.php\/product\/kirmizi-ic-antep-fistigi\/","name":"K\u0131rm\u0131z\u0131 \u0130\u00e7 Antep F\u0131st\u0131\u011f\u0131 - dededen","isPartOf":{"@id":"https:\/\/dededen.com\/#website"},"primaryImageOfPage":{"@id":"https:\/\/dededen.com\/index.php\/product\/kirmizi-ic-antep-fistigi\/#primaryimage"},"image":{"@id":"https:\/\/dededen.com\/index.php\/product\/kirmizi-ic-antep-fistigi\/#primaryimage"},"thumbnailUrl":"https:\/\/dededen.com\/wp-content\/uploads\/2023\/12\/kirmizi_cig.jpg","datePublished":"2023-12-29T00:44:02+00:00","dateModified":"2025-11-19T09:47:37+00:00","breadcrumb":{"@id":"https:\/\/dededen.com\/index.php\/product\/kirmizi-ic-antep-fistigi\/#breadcrumb"},"inLanguage":"tr","potentialAction":[{"@type":"ReadAction","target":["https:\/\/dededen.com\/index.php\/product\/kirmizi-ic-antep-fistigi\/"]}]},{"@type":"ImageObject","inLanguage":"tr","@id":"https:\/\/dededen.com\/index.php\/product\/kirmizi-ic-antep-fistigi\/#primaryimage","url":"https:\/\/dededen.com\/wp-content\/uploads\/2023\/12\/kirmizi_cig.jpg","contentUrl":"https:\/\/dededen.com\/wp-content\/uploads\/2023\/12\/kirmizi_cig.jpg","width":500,"height":500},{"@type":"BreadcrumbList","@id":"https:\/\/dededen.com\/index.php\/product\/kirmizi-ic-antep-fistigi\/#breadcrumb","itemListElement":[{"@type":"ListItem","position":1,"name":"Anasayfa","item":"https:\/\/dededen.com\/"},{"@type":"ListItem","position":2,"name":"Shop","item":"https:\/\/dededen.com\/index.php\/shop\/"},{"@type":"ListItem","position":3,"name":"K\u0131rm\u0131z\u0131 \u0130\u00e7 Antep F\u0131st\u0131\u011f\u0131"}]},{"@type":"WebSite","@id":"https:\/\/dededen.com\/#website","url":"https:\/\/dededen.com\/","name":"dededen","description":"\u201cDededen\u201d bir Familia G\u0131da markas\u0131d\u0131r\u00ae\u201cDededen\u201d is a Familia Food Inc.\u00a0Company\u00a0brand\u00ae","publisher":{"@id":"https:\/\/dededen.com\/#organization"},"potentialAction":[{"@type":"SearchAction","target":{"@type":"EntryPoint","urlTemplate":"https:\/\/dededen.com\/?s={search_term_string}"},"query-input":{"@type":"PropertyValueSpecification","valueRequired":true,"valueName":"search_term_string"}}],"inLanguage":"tr"},{"@type":"Organization","@id":"https:\/\/dededen.com\/#organization","name":"dededen","url":"https:\/\/dededen.com\/","logo":{"@type":"ImageObject","inLanguage":"tr","@id":"https:\/\/dededen.com\/#\/schema\/logo\/image\/","url":"https:\/\/dededen.com\/wp-content\/uploads\/2024\/12\/dededen-fav.png","contentUrl":"https:\/\/dededen.com\/wp-content\/uploads\/2024\/12\/dededen-fav.png","width":512,"height":512,"caption":"dededen"},"image":{"@id":"https:\/\/dededen.com\/#\/schema\/logo\/image\/"},"sameAs":["https:\/\/www.instagram.com\/de.de.den\/"]}]}},"_links":{"self":[{"href":"https:\/\/dededen.com\/index.php\/wp-json\/wp\/v2\/product\/1251","targetHints":{"allow":["GET"]}}],"collection":[{"href":"https:\/\/dededen.com\/index.php\/wp-json\/wp\/v2\/product"}],"about":[{"href":"https:\/\/dededen.com\/index.php\/wp-json\/wp\/v2\/types\/product"}],"wp:featuredmedia":[{"embeddable":true,"href":"https:\/\/dededen.com\/index.php\/wp-json\/wp\/v2\/media\/859"}],"wp:attachment":[{"href":"https:\/\/dededen.com\/index.php\/wp-json\/wp\/v2\/media?parent=1251"}],"wp:term":[{"taxonomy":"product_brand","embeddable":true,"href":"https:\/\/dededen.com\/index.php\/wp-json\/wp\/v2\/product_brand?post=1251"},{"taxonomy":"product_cat","embeddable":true,"href":"https:\/\/dededen.com\/index.php\/wp-json\/wp\/v2\/product_cat?post=1251"},{"taxonomy":"product_tag","embeddable":true,"href":"https:\/\/dededen.com\/index.php\/wp-json\/wp\/v2\/product_tag?post=1251"}],"curies":[{"name":"wp","href":"https:\/\/api.w.org\/{rel}","templated":true}]}}