{"id":1244,"date":"2023-12-29T00:40:48","date_gmt":"2023-12-29T00:40:48","guid":{"rendered":"https:\/\/dededen.com\/?post_type=product&#038;p=1244"},"modified":"2025-11-19T10:12:42","modified_gmt":"2025-11-19T10:12:42","slug":"boz-ic-antep-fistigi","status":"publish","type":"product","link":"https:\/\/dededen.com\/index.php\/product\/boz-ic-antep-fistigi\/","title":{"rendered":"Boz \u0130\u00e7 Antep F\u0131st\u0131\u011f\u0131"},"content":{"rendered":"<p>Boz i\u00e7 Antep F\u0131st\u0131\u011f\u0131, en de\u011ferli ve en lezzetli f\u0131st\u0131k cinsidir. Bu \u00fcr\u00fcn erken hasat d\u00f6neminde toplan\u0131r. Boz i\u00e7 antep f\u0131st\u0131\u011f\u0131, f\u0131st\u0131\u011f\u0131n en ye\u015fil renk tonuna sahiptir. Tad\u0131 ve aromatik lezzetinin en yo\u011fun seviyede olmas\u0131ndan dolay\u0131 genellikle baklava\/pasta yap\u0131m\u0131nda kullan\u0131lmakla beraber kullan\u0131lan t\u00fcm \u00fcr\u00fcnlerde lezzeti ta\u00e7land\u0131r\u0131r. \u00dcr\u00fcn en son hasat d\u00f6nemine aittir.<\/p>\n","protected":false},"excerpt":{"rendered":"<p>Boz i\u00e7 Antep F\u0131st\u0131\u011f\u0131, en de\u011ferli ve en lezzetli f\u0131st\u0131k cinsidir. Bu \u00fcr\u00fcn erken hasat d\u00f6neminde toplan\u0131r. Boz i\u00e7 antep f\u0131st\u0131\u011f\u0131, f\u0131st\u0131\u011f\u0131n en ye\u015fil renk tonuna sahiptir. Tad\u0131 ve aromatik lezzetinin en yo\u011fun seviyede olmas\u0131ndan dolay\u0131 genellikle baklava\/pasta yap\u0131m\u0131nda kullan\u0131lmakla beraber kullan\u0131lan t\u00fcm \u00fcr\u00fcnlerde lezzeti ta\u00e7land\u0131r\u0131r. \u00dcr\u00fcn en son hasat d\u00f6nemine aittir.<\/p>\n","protected":false},"featured_media":884,"template":"","meta":[],"product_brand":[],"product_cat":[],"product_tag":[],"class_list":{"0":"post-1244","1":"product","2":"type-product","3":"status-publish","4":"has-post-thumbnail","7":"first","8":"instock","9":"purchasable","10":"product-type-variable","11":"has-default-attributes"},"yoast_head":"<!-- This site is optimized with the Yoast SEO plugin v27.3 - https:\/\/yoast.com\/product\/yoast-seo-wordpress\/ -->\n<title>Boz \u0130\u00e7 Antep F\u0131st\u0131\u011f\u0131 - dededen<\/title>\n<meta name=\"robots\" content=\"index, follow, max-snippet:-1, max-image-preview:large, max-video-preview:-1\" \/>\n<link rel=\"canonical\" href=\"https:\/\/dededen.com\/index.php\/product\/boz-ic-antep-fistigi\/\" \/>\n<meta property=\"og:locale\" content=\"tr_TR\" \/>\n<meta property=\"og:type\" content=\"article\" \/>\n<meta property=\"og:title\" content=\"Boz \u0130\u00e7 Antep F\u0131st\u0131\u011f\u0131 - dededen\" \/>\n<meta property=\"og:description\" content=\"Boz i\u00e7 Antep F\u0131st\u0131\u011f\u0131, en de\u011ferli ve en lezzetli f\u0131st\u0131k cinsidir. Bu \u00fcr\u00fcn erken hasat d\u00f6neminde toplan\u0131r. Boz i\u00e7 antep f\u0131st\u0131\u011f\u0131, f\u0131st\u0131\u011f\u0131n en ye\u015fil renk tonuna sahiptir. Tad\u0131 ve aromatik lezzetinin en yo\u011fun seviyede olmas\u0131ndan dolay\u0131 genellikle baklava\/pasta yap\u0131m\u0131nda kullan\u0131lmakla beraber kullan\u0131lan t\u00fcm \u00fcr\u00fcnlerde lezzeti ta\u00e7land\u0131r\u0131r. \u00dcr\u00fcn en son hasat d\u00f6nemine aittir.\" \/>\n<meta property=\"og:url\" content=\"https:\/\/dededen.com\/index.php\/product\/boz-ic-antep-fistigi\/\" \/>\n<meta property=\"og:site_name\" content=\"dededen\" \/>\n<meta property=\"article:modified_time\" content=\"2025-11-19T10:12:42+00:00\" \/>\n<meta property=\"og:image\" content=\"https:\/\/dededen.com\/wp-content\/uploads\/2023\/12\/boz_ici.jpg\" \/>\n\t<meta property=\"og:image:width\" content=\"500\" \/>\n\t<meta property=\"og:image:height\" content=\"500\" \/>\n\t<meta property=\"og:image:type\" content=\"image\/jpeg\" \/>\n<meta name=\"twitter:card\" content=\"summary_large_image\" \/>\n<meta name=\"twitter:label1\" content=\"Tahmini okuma s\u00fcresi\" \/>\n\t<meta name=\"twitter:data1\" content=\"1 dakika\" \/>\n<!-- \/ Yoast SEO plugin. -->","yoast_head_json":{"title":"Boz \u0130\u00e7 Antep F\u0131st\u0131\u011f\u0131 - dededen","robots":{"index":"index","follow":"follow","max-snippet":"max-snippet:-1","max-image-preview":"max-image-preview:large","max-video-preview":"max-video-preview:-1"},"canonical":"https:\/\/dededen.com\/index.php\/product\/boz-ic-antep-fistigi\/","og_locale":"tr_TR","og_type":"article","og_title":"Boz \u0130\u00e7 Antep F\u0131st\u0131\u011f\u0131 - dededen","og_description":"Boz i\u00e7 Antep F\u0131st\u0131\u011f\u0131, en de\u011ferli ve en lezzetli f\u0131st\u0131k cinsidir. Bu \u00fcr\u00fcn erken hasat d\u00f6neminde toplan\u0131r. Boz i\u00e7 antep f\u0131st\u0131\u011f\u0131, f\u0131st\u0131\u011f\u0131n en ye\u015fil renk tonuna sahiptir. Tad\u0131 ve aromatik lezzetinin en yo\u011fun seviyede olmas\u0131ndan dolay\u0131 genellikle baklava\/pasta yap\u0131m\u0131nda kullan\u0131lmakla beraber kullan\u0131lan t\u00fcm \u00fcr\u00fcnlerde lezzeti ta\u00e7land\u0131r\u0131r. \u00dcr\u00fcn en son hasat d\u00f6nemine aittir.","og_url":"https:\/\/dededen.com\/index.php\/product\/boz-ic-antep-fistigi\/","og_site_name":"dededen","article_modified_time":"2025-11-19T10:12:42+00:00","og_image":[{"width":500,"height":500,"url":"https:\/\/dededen.com\/wp-content\/uploads\/2023\/12\/boz_ici.jpg","type":"image\/jpeg"}],"twitter_card":"summary_large_image","twitter_misc":{"Tahmini okuma s\u00fcresi":"1 dakika"},"schema":{"@context":"https:\/\/schema.org","@graph":[{"@type":"WebPage","@id":"https:\/\/dededen.com\/index.php\/product\/boz-ic-antep-fistigi\/","url":"https:\/\/dededen.com\/index.php\/product\/boz-ic-antep-fistigi\/","name":"Boz \u0130\u00e7 Antep F\u0131st\u0131\u011f\u0131 - dededen","isPartOf":{"@id":"https:\/\/dededen.com\/#website"},"primaryImageOfPage":{"@id":"https:\/\/dededen.com\/index.php\/product\/boz-ic-antep-fistigi\/#primaryimage"},"image":{"@id":"https:\/\/dededen.com\/index.php\/product\/boz-ic-antep-fistigi\/#primaryimage"},"thumbnailUrl":"https:\/\/dededen.com\/wp-content\/uploads\/2023\/12\/boz_ici.jpg","datePublished":"2023-12-29T00:40:48+00:00","dateModified":"2025-11-19T10:12:42+00:00","breadcrumb":{"@id":"https:\/\/dededen.com\/index.php\/product\/boz-ic-antep-fistigi\/#breadcrumb"},"inLanguage":"tr","potentialAction":[{"@type":"ReadAction","target":["https:\/\/dededen.com\/index.php\/product\/boz-ic-antep-fistigi\/"]}]},{"@type":"ImageObject","inLanguage":"tr","@id":"https:\/\/dededen.com\/index.php\/product\/boz-ic-antep-fistigi\/#primaryimage","url":"https:\/\/dededen.com\/wp-content\/uploads\/2023\/12\/boz_ici.jpg","contentUrl":"https:\/\/dededen.com\/wp-content\/uploads\/2023\/12\/boz_ici.jpg","width":500,"height":500},{"@type":"BreadcrumbList","@id":"https:\/\/dededen.com\/index.php\/product\/boz-ic-antep-fistigi\/#breadcrumb","itemListElement":[{"@type":"ListItem","position":1,"name":"Anasayfa","item":"https:\/\/dededen.com\/"},{"@type":"ListItem","position":2,"name":"Shop","item":"https:\/\/dededen.com\/index.php\/shop\/"},{"@type":"ListItem","position":3,"name":"Boz \u0130\u00e7 Antep F\u0131st\u0131\u011f\u0131"}]},{"@type":"WebSite","@id":"https:\/\/dededen.com\/#website","url":"https:\/\/dededen.com\/","name":"dededen","description":"\u201cDededen\u201d bir Familia G\u0131da markas\u0131d\u0131r\u00ae\u201cDededen\u201d is a Familia Food Inc.\u00a0Company\u00a0brand\u00ae","publisher":{"@id":"https:\/\/dededen.com\/#organization"},"potentialAction":[{"@type":"SearchAction","target":{"@type":"EntryPoint","urlTemplate":"https:\/\/dededen.com\/?s={search_term_string}"},"query-input":{"@type":"PropertyValueSpecification","valueRequired":true,"valueName":"search_term_string"}}],"inLanguage":"tr"},{"@type":"Organization","@id":"https:\/\/dededen.com\/#organization","name":"dededen","url":"https:\/\/dededen.com\/","logo":{"@type":"ImageObject","inLanguage":"tr","@id":"https:\/\/dededen.com\/#\/schema\/logo\/image\/","url":"https:\/\/dededen.com\/wp-content\/uploads\/2024\/12\/dededen-fav.png","contentUrl":"https:\/\/dededen.com\/wp-content\/uploads\/2024\/12\/dededen-fav.png","width":512,"height":512,"caption":"dededen"},"image":{"@id":"https:\/\/dededen.com\/#\/schema\/logo\/image\/"},"sameAs":["https:\/\/www.instagram.com\/de.de.den\/"]}]}},"_links":{"self":[{"href":"https:\/\/dededen.com\/index.php\/wp-json\/wp\/v2\/product\/1244","targetHints":{"allow":["GET"]}}],"collection":[{"href":"https:\/\/dededen.com\/index.php\/wp-json\/wp\/v2\/product"}],"about":[{"href":"https:\/\/dededen.com\/index.php\/wp-json\/wp\/v2\/types\/product"}],"wp:featuredmedia":[{"embeddable":true,"href":"https:\/\/dededen.com\/index.php\/wp-json\/wp\/v2\/media\/884"}],"wp:attachment":[{"href":"https:\/\/dededen.com\/index.php\/wp-json\/wp\/v2\/media?parent=1244"}],"wp:term":[{"taxonomy":"product_brand","embeddable":true,"href":"https:\/\/dededen.com\/index.php\/wp-json\/wp\/v2\/product_brand?post=1244"},{"taxonomy":"product_cat","embeddable":true,"href":"https:\/\/dededen.com\/index.php\/wp-json\/wp\/v2\/product_cat?post=1244"},{"taxonomy":"product_tag","embeddable":true,"href":"https:\/\/dededen.com\/index.php\/wp-json\/wp\/v2\/product_tag?post=1244"}],"curies":[{"name":"wp","href":"https:\/\/api.w.org\/{rel}","templated":true}]}}