{"id":1241,"date":"2023-12-29T00:37:25","date_gmt":"2023-12-29T00:37:25","guid":{"rendered":"https:\/\/dededen.com\/?post_type=product&#038;p=1241"},"modified":"2025-11-19T10:13:48","modified_gmt":"2025-11-19T10:13:48","slug":"tuzlu-kavrulmus-antep-fistigi","status":"publish","type":"product","link":"https:\/\/dededen.com\/index.php\/product\/tuzlu-kavrulmus-antep-fistigi\/","title":{"rendered":"Tuzlu Kavrulmu\u015f Antep F\u0131st\u0131\u011f\u0131"},"content":{"rendered":"<p>Tuzlu Kavrulmu\u015f Antep f\u0131st\u0131klar\u0131m\u0131z\u0131n tamam\u0131 b\u00fcy\u00fck kalibreli \u00fcr\u00fcnlerden olu\u015fmaktad\u0131r. F\u0131st\u0131k a\u011f\u0131z a\u00e7\u0131l\u0131m\u0131 kusursuzdur. F\u0131st\u0131klar\u0131m\u0131z\u0131n kavurma s\u00fcreleri ve tuz oranlar\u0131 standartt\u0131r. Oranlamas\u0131, nihai t\u00fcketicilerin be\u011fenisi do\u011frultusunda ayarlanm\u0131\u015ft\u0131r. \u00dcr\u00fcn ambalajda sunulmaktad\u0131r. \u00dcr\u00fcnlerimiz, sipari\u015f etti\u011finiz tarihte paketlenir. Ambalaj a\u00e7\u0131ld\u0131ktan sonra 6 ay i\u00e7erisinde t\u00fcketilmesi gerekir. \u00d6neri: En uzun t\u00fcketim vadesi i\u00e7in \u00fcr\u00fcn\u00fc buzdolab\u0131nda, a\u011fz\u0131 kapal\u0131 cam kavanozlarda saklaman\u0131z\u0131 \u00f6neririz. Uluslararas\u0131 standartlara uygun \u015fekilde kurdu\u011fumuz tesisimizde yenilik\u00e7i \u00fcretim y\u00f6ntemleriyle, el de\u011fmeden, hijyenik \u015fekilde \u00fcretti\u011fimiz antep f\u0131st\u0131\u011f\u0131m\u0131z\u0131 be\u011feninize sunar, afiyetler dileriz.<\/p>\n","protected":false},"excerpt":{"rendered":"<p>Tuzlu Kavrulmu\u015f Antep f\u0131st\u0131klar\u0131m\u0131z\u0131n tamam\u0131 b\u00fcy\u00fck kalibreli \u00fcr\u00fcnlerden olu\u015fmaktad\u0131r. F\u0131st\u0131k a\u011f\u0131z a\u00e7\u0131l\u0131m\u0131 kusursuzdur. F\u0131st\u0131klar\u0131m\u0131z\u0131n kavurma s\u00fcreleri ve tuz oranlar\u0131 standartt\u0131r. Oranlamas\u0131, nihai t\u00fcketicilerin be\u011fenisi do\u011frultusunda ayarlanm\u0131\u015ft\u0131r. \u00dcr\u00fcn ambalajda sunulmaktad\u0131r. \u00dcr\u00fcnlerimiz, sipari\u015f etti\u011finiz tarihte paketlenir. Ambalaj a\u00e7\u0131ld\u0131ktan sonra 6 ay i\u00e7erisinde t\u00fcketilmesi gerekir. \u00d6neri: En uzun t\u00fcketim vadesi i\u00e7in \u00fcr\u00fcn\u00fc buzdolab\u0131nda, a\u011fz\u0131 kapal\u0131 cam kavanozlarda saklaman\u0131z\u0131 [&hellip;]<\/p>\n","protected":false},"featured_media":851,"template":"","meta":[],"product_brand":[],"product_cat":[],"product_tag":[],"class_list":{"0":"post-1241","1":"product","2":"type-product","3":"status-publish","4":"has-post-thumbnail","7":"first","8":"instock","9":"purchasable","10":"product-type-variable","11":"has-default-attributes"},"yoast_head":"<!-- This site is optimized with the Yoast SEO plugin v27.3 - https:\/\/yoast.com\/product\/yoast-seo-wordpress\/ -->\n<title>Tuzlu Kavrulmu\u015f Antep F\u0131st\u0131\u011f\u0131 - dededen<\/title>\n<meta name=\"robots\" content=\"index, follow, max-snippet:-1, max-image-preview:large, max-video-preview:-1\" \/>\n<link rel=\"canonical\" href=\"https:\/\/dededen.com\/index.php\/product\/tuzlu-kavrulmus-antep-fistigi\/\" \/>\n<meta property=\"og:locale\" content=\"tr_TR\" \/>\n<meta property=\"og:type\" content=\"article\" \/>\n<meta property=\"og:title\" content=\"Tuzlu Kavrulmu\u015f Antep F\u0131st\u0131\u011f\u0131 - dededen\" \/>\n<meta property=\"og:description\" content=\"Tuzlu Kavrulmu\u015f Antep f\u0131st\u0131klar\u0131m\u0131z\u0131n tamam\u0131 b\u00fcy\u00fck kalibreli \u00fcr\u00fcnlerden olu\u015fmaktad\u0131r. F\u0131st\u0131k a\u011f\u0131z a\u00e7\u0131l\u0131m\u0131 kusursuzdur. F\u0131st\u0131klar\u0131m\u0131z\u0131n kavurma s\u00fcreleri ve tuz oranlar\u0131 standartt\u0131r. Oranlamas\u0131, nihai t\u00fcketicilerin be\u011fenisi do\u011frultusunda ayarlanm\u0131\u015ft\u0131r. \u00dcr\u00fcn ambalajda sunulmaktad\u0131r. \u00dcr\u00fcnlerimiz, sipari\u015f etti\u011finiz tarihte paketlenir. Ambalaj a\u00e7\u0131ld\u0131ktan sonra 6 ay i\u00e7erisinde t\u00fcketilmesi gerekir. \u00d6neri: En uzun t\u00fcketim vadesi i\u00e7in \u00fcr\u00fcn\u00fc buzdolab\u0131nda, a\u011fz\u0131 kapal\u0131 cam kavanozlarda saklaman\u0131z\u0131 [&hellip;]\" \/>\n<meta property=\"og:url\" content=\"https:\/\/dededen.com\/index.php\/product\/tuzlu-kavrulmus-antep-fistigi\/\" \/>\n<meta property=\"og:site_name\" content=\"dededen\" \/>\n<meta property=\"article:modified_time\" content=\"2025-11-19T10:13:48+00:00\" \/>\n<meta property=\"og:image\" content=\"https:\/\/dededen.com\/wp-content\/uploads\/2023\/12\/kavrulmus.jpg\" \/>\n\t<meta property=\"og:image:width\" content=\"500\" \/>\n\t<meta property=\"og:image:height\" content=\"500\" \/>\n\t<meta property=\"og:image:type\" content=\"image\/jpeg\" \/>\n<meta name=\"twitter:card\" content=\"summary_large_image\" \/>\n<meta name=\"twitter:label1\" content=\"Tahmini okuma s\u00fcresi\" \/>\n\t<meta name=\"twitter:data1\" content=\"1 dakika\" \/>\n<!-- \/ Yoast SEO plugin. -->","yoast_head_json":{"title":"Tuzlu Kavrulmu\u015f Antep F\u0131st\u0131\u011f\u0131 - dededen","robots":{"index":"index","follow":"follow","max-snippet":"max-snippet:-1","max-image-preview":"max-image-preview:large","max-video-preview":"max-video-preview:-1"},"canonical":"https:\/\/dededen.com\/index.php\/product\/tuzlu-kavrulmus-antep-fistigi\/","og_locale":"tr_TR","og_type":"article","og_title":"Tuzlu Kavrulmu\u015f Antep F\u0131st\u0131\u011f\u0131 - dededen","og_description":"Tuzlu Kavrulmu\u015f Antep f\u0131st\u0131klar\u0131m\u0131z\u0131n tamam\u0131 b\u00fcy\u00fck kalibreli \u00fcr\u00fcnlerden olu\u015fmaktad\u0131r. F\u0131st\u0131k a\u011f\u0131z a\u00e7\u0131l\u0131m\u0131 kusursuzdur. F\u0131st\u0131klar\u0131m\u0131z\u0131n kavurma s\u00fcreleri ve tuz oranlar\u0131 standartt\u0131r. Oranlamas\u0131, nihai t\u00fcketicilerin be\u011fenisi do\u011frultusunda ayarlanm\u0131\u015ft\u0131r. \u00dcr\u00fcn ambalajda sunulmaktad\u0131r. \u00dcr\u00fcnlerimiz, sipari\u015f etti\u011finiz tarihte paketlenir. Ambalaj a\u00e7\u0131ld\u0131ktan sonra 6 ay i\u00e7erisinde t\u00fcketilmesi gerekir. \u00d6neri: En uzun t\u00fcketim vadesi i\u00e7in \u00fcr\u00fcn\u00fc buzdolab\u0131nda, a\u011fz\u0131 kapal\u0131 cam kavanozlarda saklaman\u0131z\u0131 [&hellip;]","og_url":"https:\/\/dededen.com\/index.php\/product\/tuzlu-kavrulmus-antep-fistigi\/","og_site_name":"dededen","article_modified_time":"2025-11-19T10:13:48+00:00","og_image":[{"width":500,"height":500,"url":"https:\/\/dededen.com\/wp-content\/uploads\/2023\/12\/kavrulmus.jpg","type":"image\/jpeg"}],"twitter_card":"summary_large_image","twitter_misc":{"Tahmini okuma s\u00fcresi":"1 dakika"},"schema":{"@context":"https:\/\/schema.org","@graph":[{"@type":"WebPage","@id":"https:\/\/dededen.com\/index.php\/product\/tuzlu-kavrulmus-antep-fistigi\/","url":"https:\/\/dededen.com\/index.php\/product\/tuzlu-kavrulmus-antep-fistigi\/","name":"Tuzlu Kavrulmu\u015f Antep F\u0131st\u0131\u011f\u0131 - dededen","isPartOf":{"@id":"https:\/\/dededen.com\/#website"},"primaryImageOfPage":{"@id":"https:\/\/dededen.com\/index.php\/product\/tuzlu-kavrulmus-antep-fistigi\/#primaryimage"},"image":{"@id":"https:\/\/dededen.com\/index.php\/product\/tuzlu-kavrulmus-antep-fistigi\/#primaryimage"},"thumbnailUrl":"https:\/\/dededen.com\/wp-content\/uploads\/2023\/12\/kavrulmus.jpg","datePublished":"2023-12-29T00:37:25+00:00","dateModified":"2025-11-19T10:13:48+00:00","breadcrumb":{"@id":"https:\/\/dededen.com\/index.php\/product\/tuzlu-kavrulmus-antep-fistigi\/#breadcrumb"},"inLanguage":"tr","potentialAction":[{"@type":"ReadAction","target":["https:\/\/dededen.com\/index.php\/product\/tuzlu-kavrulmus-antep-fistigi\/"]}]},{"@type":"ImageObject","inLanguage":"tr","@id":"https:\/\/dededen.com\/index.php\/product\/tuzlu-kavrulmus-antep-fistigi\/#primaryimage","url":"https:\/\/dededen.com\/wp-content\/uploads\/2023\/12\/kavrulmus.jpg","contentUrl":"https:\/\/dededen.com\/wp-content\/uploads\/2023\/12\/kavrulmus.jpg","width":500,"height":500},{"@type":"BreadcrumbList","@id":"https:\/\/dededen.com\/index.php\/product\/tuzlu-kavrulmus-antep-fistigi\/#breadcrumb","itemListElement":[{"@type":"ListItem","position":1,"name":"Anasayfa","item":"https:\/\/dededen.com\/"},{"@type":"ListItem","position":2,"name":"Shop","item":"https:\/\/dededen.com\/index.php\/shop\/"},{"@type":"ListItem","position":3,"name":"Tuzlu Kavrulmu\u015f Antep F\u0131st\u0131\u011f\u0131"}]},{"@type":"WebSite","@id":"https:\/\/dededen.com\/#website","url":"https:\/\/dededen.com\/","name":"dededen","description":"\u201cDededen\u201d bir Familia G\u0131da markas\u0131d\u0131r\u00ae\u201cDededen\u201d is a Familia Food Inc.\u00a0Company\u00a0brand\u00ae","publisher":{"@id":"https:\/\/dededen.com\/#organization"},"potentialAction":[{"@type":"SearchAction","target":{"@type":"EntryPoint","urlTemplate":"https:\/\/dededen.com\/?s={search_term_string}"},"query-input":{"@type":"PropertyValueSpecification","valueRequired":true,"valueName":"search_term_string"}}],"inLanguage":"tr"},{"@type":"Organization","@id":"https:\/\/dededen.com\/#organization","name":"dededen","url":"https:\/\/dededen.com\/","logo":{"@type":"ImageObject","inLanguage":"tr","@id":"https:\/\/dededen.com\/#\/schema\/logo\/image\/","url":"https:\/\/dededen.com\/wp-content\/uploads\/2024\/12\/dededen-fav.png","contentUrl":"https:\/\/dededen.com\/wp-content\/uploads\/2024\/12\/dededen-fav.png","width":512,"height":512,"caption":"dededen"},"image":{"@id":"https:\/\/dededen.com\/#\/schema\/logo\/image\/"},"sameAs":["https:\/\/www.instagram.com\/de.de.den\/"]}]}},"_links":{"self":[{"href":"https:\/\/dededen.com\/index.php\/wp-json\/wp\/v2\/product\/1241","targetHints":{"allow":["GET"]}}],"collection":[{"href":"https:\/\/dededen.com\/index.php\/wp-json\/wp\/v2\/product"}],"about":[{"href":"https:\/\/dededen.com\/index.php\/wp-json\/wp\/v2\/types\/product"}],"wp:featuredmedia":[{"embeddable":true,"href":"https:\/\/dededen.com\/index.php\/wp-json\/wp\/v2\/media\/851"}],"wp:attachment":[{"href":"https:\/\/dededen.com\/index.php\/wp-json\/wp\/v2\/media?parent=1241"}],"wp:term":[{"taxonomy":"product_brand","embeddable":true,"href":"https:\/\/dededen.com\/index.php\/wp-json\/wp\/v2\/product_brand?post=1241"},{"taxonomy":"product_cat","embeddable":true,"href":"https:\/\/dededen.com\/index.php\/wp-json\/wp\/v2\/product_cat?post=1241"},{"taxonomy":"product_tag","embeddable":true,"href":"https:\/\/dededen.com\/index.php\/wp-json\/wp\/v2\/product_tag?post=1241"}],"curies":[{"name":"wp","href":"https:\/\/api.w.org\/{rel}","templated":true}]}}