{"id":1239,"date":"2023-12-29T00:28:41","date_gmt":"2023-12-29T00:28:41","guid":{"rendered":"https:\/\/dededen.com\/?post_type=product&#038;p=1239"},"modified":"2026-01-08T07:12:40","modified_gmt":"2026-01-08T07:12:40","slug":"1-litre-organik-naturel-sizma-zeytinyagi","status":"publish","type":"product","link":"https:\/\/dededen.com\/index.php\/product\/1-litre-organik-naturel-sizma-zeytinyagi\/","title":{"rendered":"1 litre Erken Hasat So\u011fuk S\u0131k\u0131m Nat\u00fcrel S\u0131zma Zeytinya\u011f\u0131"},"content":{"rendered":"<p>\u00dcr\u00fcn Bilgisi:<\/p>\n<p>Organik sertifikal\u0131 bah\u00e7elerden hasat edilen zeytinlerimiz, y\u00f6reye has Kilis ve Nizip Ya\u011fl\u0131k cinsi zeytinlerimizi; erken hasat d\u00f6neminde \u00f6zenle toplay\u0131p, so\u011fuk s\u0131k\u0131m tekni\u011fiyle s\u0131karak aroman\u0131n t\u00fcm duyular\u0131n\u0131za hitap etmesini ama\u00e7l\u0131yoruz.<\/p>\n<p>Zeytin taneleri, i\u00e7erisindeki vitamin ve mineral seviyelerinin en y\u00fcksek oldu\u011fu erken hasat d\u00f6neminde toplan\u0131rlar ve so\u011fuk s\u0131k\u0131m tekni\u011fiyle ya\u011fa d\u00f6n\u00fc\u015ft\u00fcr\u00fcl\u00fcrler.<\/p>\n<p>Tat ve Koku Notalar\u0131: Taze \u00c7a\u011fla, Ye\u015fil Otlar, Ceviz, Karabiber ve Bitter \u00c7ikolata<\/p>\n<p>Kullan\u0131m \u00d6nerisi:<\/p>\n<p>Zeytinya\u011f\u0131m\u0131z\u0131 do\u011frudan t\u00fcketebilece\u011finiz gibi; leziz ekmeklerle, salata&amp;mezelerinizle, makarna, et veya pizza gibi g\u0131dalar\u0131n \u00fczerine pi\u015fim sonras\u0131 ekleyerek kullanman\u0131z\u0131 \u00f6neririz.<\/p>\n","protected":false},"excerpt":{"rendered":"<p>\u00dcr\u00fcn Bilgisi:<\/p>\n<p>Organik sertifikal\u0131 bah\u00e7elerden hasat edilen zeytinlerimiz, y\u00f6reye has Kilis ve Nizip Ya\u011fl\u0131k cinsi zeytinlerimizi; erken hasat d\u00f6neminde \u00f6zenle toplay\u0131p, so\u011fuk s\u0131k\u0131m tekni\u011fiyle s\u0131karak aroman\u0131n t\u00fcm duyular\u0131n\u0131za hitap etmesini ama\u00e7l\u0131yoruz.<\/p>\n<p>Zeytin taneleri, i\u00e7erisindeki vitamin ve mineral seviyelerinin en y\u00fcksek oldu\u011fu erken hasat d\u00f6neminde toplan\u0131rlar ve so\u011fuk s\u0131k\u0131m tekni\u011fiyle ya\u011fa d\u00f6n\u00fc\u015ft\u00fcr\u00fcl\u00fcrler.<\/p>\n<p>Tat ve Koku Notalar\u0131: Taze \u00c7a\u011fla, Ye\u015fil Otlar, Ceviz, Karabiber ve Bitter \u00c7ikolata<\/p>\n<p>Kullan\u0131m \u00d6nerisi:<\/p>\n<p>Zeytinya\u011f\u0131m\u0131z\u0131 do\u011frudan t\u00fcketebilece\u011finiz gibi; leziz ekmeklerle, salata&amp;mezelerinizle, makarna, et veya pizza gibi g\u0131dalar\u0131n \u00fczerine pi\u015fim sonras\u0131 ekleyerek kullanman\u0131z\u0131 \u00f6neririz.<\/p>\n","protected":false},"featured_media":873,"template":"","meta":[],"product_brand":[],"product_cat":[],"product_tag":[],"class_list":{"0":"post-1239","1":"product","2":"type-product","3":"status-publish","4":"has-post-thumbnail","7":"first","8":"instock","9":"purchasable","10":"product-type-simple"},"yoast_head":"<!-- This site is optimized with the Yoast SEO plugin v27.3 - https:\/\/yoast.com\/product\/yoast-seo-wordpress\/ -->\n<title>1 litre Erken Hasat So\u011fuk S\u0131k\u0131m Nat\u00fcrel S\u0131zma Zeytinya\u011f\u0131 - dededen<\/title>\n<meta name=\"robots\" content=\"index, follow, max-snippet:-1, max-image-preview:large, max-video-preview:-1\" \/>\n<link rel=\"canonical\" href=\"https:\/\/dededen.com\/index.php\/product\/1-litre-organik-naturel-sizma-zeytinyagi\/\" \/>\n<meta property=\"og:locale\" content=\"tr_TR\" \/>\n<meta property=\"og:type\" content=\"article\" \/>\n<meta property=\"og:title\" content=\"1 litre Erken Hasat So\u011fuk S\u0131k\u0131m Nat\u00fcrel S\u0131zma Zeytinya\u011f\u0131 - dededen\" \/>\n<meta property=\"og:description\" content=\"\u00dcr\u00fcn Bilgisi:  Organik sertifikal\u0131 bah\u00e7elerden hasat edilen zeytinlerimiz, y\u00f6reye has Kilis ve Nizip Ya\u011fl\u0131k cinsi zeytinlerimizi; erken hasat d\u00f6neminde \u00f6zenle toplay\u0131p, so\u011fuk s\u0131k\u0131m tekni\u011fiyle s\u0131karak aroman\u0131n t\u00fcm duyular\u0131n\u0131za hitap etmesini ama\u00e7l\u0131yoruz.  Zeytin taneleri, i\u00e7erisindeki vitamin ve mineral seviyelerinin en y\u00fcksek oldu\u011fu erken hasat d\u00f6neminde toplan\u0131rlar ve so\u011fuk s\u0131k\u0131m tekni\u011fiyle ya\u011fa d\u00f6n\u00fc\u015ft\u00fcr\u00fcl\u00fcrler.  Tat ve Koku Notalar\u0131: Taze \u00c7a\u011fla, Ye\u015fil Otlar, Ceviz, Karabiber ve Bitter \u00c7ikolata  Kullan\u0131m \u00d6nerisi:  Zeytinya\u011f\u0131m\u0131z\u0131 do\u011frudan t\u00fcketebilece\u011finiz gibi; leziz ekmeklerle, salata&amp;mezelerinizle, makarna, et veya pizza gibi g\u0131dalar\u0131n \u00fczerine pi\u015fim sonras\u0131 ekleyerek kullanman\u0131z\u0131 \u00f6neririz.\" \/>\n<meta property=\"og:url\" content=\"https:\/\/dededen.com\/index.php\/product\/1-litre-organik-naturel-sizma-zeytinyagi\/\" \/>\n<meta property=\"og:site_name\" content=\"dededen\" \/>\n<meta property=\"article:modified_time\" content=\"2026-01-08T07:12:40+00:00\" \/>\n<meta property=\"og:image\" content=\"https:\/\/dededen.com\/wp-content\/uploads\/2023\/12\/1ltt.jpg\" \/>\n\t<meta property=\"og:image:width\" content=\"500\" \/>\n\t<meta property=\"og:image:height\" content=\"500\" \/>\n\t<meta property=\"og:image:type\" content=\"image\/jpeg\" \/>\n<meta name=\"twitter:card\" content=\"summary_large_image\" \/>\n<meta name=\"twitter:label1\" content=\"Tahmini okuma s\u00fcresi\" \/>\n\t<meta name=\"twitter:data1\" content=\"1 dakika\" \/>\n<!-- \/ Yoast SEO plugin. -->","yoast_head_json":{"title":"1 litre Erken Hasat So\u011fuk S\u0131k\u0131m Nat\u00fcrel S\u0131zma Zeytinya\u011f\u0131 - dededen","robots":{"index":"index","follow":"follow","max-snippet":"max-snippet:-1","max-image-preview":"max-image-preview:large","max-video-preview":"max-video-preview:-1"},"canonical":"https:\/\/dededen.com\/index.php\/product\/1-litre-organik-naturel-sizma-zeytinyagi\/","og_locale":"tr_TR","og_type":"article","og_title":"1 litre Erken Hasat So\u011fuk S\u0131k\u0131m Nat\u00fcrel S\u0131zma Zeytinya\u011f\u0131 - dededen","og_description":"\u00dcr\u00fcn Bilgisi:  Organik sertifikal\u0131 bah\u00e7elerden hasat edilen zeytinlerimiz, y\u00f6reye has Kilis ve Nizip Ya\u011fl\u0131k cinsi zeytinlerimizi; erken hasat d\u00f6neminde \u00f6zenle toplay\u0131p, so\u011fuk s\u0131k\u0131m tekni\u011fiyle s\u0131karak aroman\u0131n t\u00fcm duyular\u0131n\u0131za hitap etmesini ama\u00e7l\u0131yoruz.  Zeytin taneleri, i\u00e7erisindeki vitamin ve mineral seviyelerinin en y\u00fcksek oldu\u011fu erken hasat d\u00f6neminde toplan\u0131rlar ve so\u011fuk s\u0131k\u0131m tekni\u011fiyle ya\u011fa d\u00f6n\u00fc\u015ft\u00fcr\u00fcl\u00fcrler.  Tat ve Koku Notalar\u0131: Taze \u00c7a\u011fla, Ye\u015fil Otlar, Ceviz, Karabiber ve Bitter \u00c7ikolata  Kullan\u0131m \u00d6nerisi:  Zeytinya\u011f\u0131m\u0131z\u0131 do\u011frudan t\u00fcketebilece\u011finiz gibi; leziz ekmeklerle, salata&amp;mezelerinizle, makarna, et veya pizza gibi g\u0131dalar\u0131n \u00fczerine pi\u015fim sonras\u0131 ekleyerek kullanman\u0131z\u0131 \u00f6neririz.","og_url":"https:\/\/dededen.com\/index.php\/product\/1-litre-organik-naturel-sizma-zeytinyagi\/","og_site_name":"dededen","article_modified_time":"2026-01-08T07:12:40+00:00","og_image":[{"width":500,"height":500,"url":"https:\/\/dededen.com\/wp-content\/uploads\/2023\/12\/1ltt.jpg","type":"image\/jpeg"}],"twitter_card":"summary_large_image","twitter_misc":{"Tahmini okuma s\u00fcresi":"1 dakika"},"schema":{"@context":"https:\/\/schema.org","@graph":[{"@type":"WebPage","@id":"https:\/\/dededen.com\/index.php\/product\/1-litre-organik-naturel-sizma-zeytinyagi\/","url":"https:\/\/dededen.com\/index.php\/product\/1-litre-organik-naturel-sizma-zeytinyagi\/","name":"1 litre Erken Hasat So\u011fuk S\u0131k\u0131m Nat\u00fcrel S\u0131zma Zeytinya\u011f\u0131 - dededen","isPartOf":{"@id":"https:\/\/dededen.com\/#website"},"primaryImageOfPage":{"@id":"https:\/\/dededen.com\/index.php\/product\/1-litre-organik-naturel-sizma-zeytinyagi\/#primaryimage"},"image":{"@id":"https:\/\/dededen.com\/index.php\/product\/1-litre-organik-naturel-sizma-zeytinyagi\/#primaryimage"},"thumbnailUrl":"https:\/\/dededen.com\/wp-content\/uploads\/2023\/12\/1ltt.jpg","datePublished":"2023-12-29T00:28:41+00:00","dateModified":"2026-01-08T07:12:40+00:00","breadcrumb":{"@id":"https:\/\/dededen.com\/index.php\/product\/1-litre-organik-naturel-sizma-zeytinyagi\/#breadcrumb"},"inLanguage":"tr","potentialAction":[{"@type":"ReadAction","target":["https:\/\/dededen.com\/index.php\/product\/1-litre-organik-naturel-sizma-zeytinyagi\/"]}]},{"@type":"ImageObject","inLanguage":"tr","@id":"https:\/\/dededen.com\/index.php\/product\/1-litre-organik-naturel-sizma-zeytinyagi\/#primaryimage","url":"https:\/\/dededen.com\/wp-content\/uploads\/2023\/12\/1ltt.jpg","contentUrl":"https:\/\/dededen.com\/wp-content\/uploads\/2023\/12\/1ltt.jpg","width":500,"height":500},{"@type":"BreadcrumbList","@id":"https:\/\/dededen.com\/index.php\/product\/1-litre-organik-naturel-sizma-zeytinyagi\/#breadcrumb","itemListElement":[{"@type":"ListItem","position":1,"name":"Anasayfa","item":"https:\/\/dededen.com\/"},{"@type":"ListItem","position":2,"name":"Shop","item":"https:\/\/dededen.com\/index.php\/shop\/"},{"@type":"ListItem","position":3,"name":"1 litre Erken Hasat So\u011fuk S\u0131k\u0131m Nat\u00fcrel S\u0131zma Zeytinya\u011f\u0131"}]},{"@type":"WebSite","@id":"https:\/\/dededen.com\/#website","url":"https:\/\/dededen.com\/","name":"dededen","description":"\u201cDededen\u201d bir Familia G\u0131da markas\u0131d\u0131r\u00ae\u201cDededen\u201d is a Familia Food Inc.\u00a0Company\u00a0brand\u00ae","publisher":{"@id":"https:\/\/dededen.com\/#organization"},"potentialAction":[{"@type":"SearchAction","target":{"@type":"EntryPoint","urlTemplate":"https:\/\/dededen.com\/?s={search_term_string}"},"query-input":{"@type":"PropertyValueSpecification","valueRequired":true,"valueName":"search_term_string"}}],"inLanguage":"tr"},{"@type":"Organization","@id":"https:\/\/dededen.com\/#organization","name":"dededen","url":"https:\/\/dededen.com\/","logo":{"@type":"ImageObject","inLanguage":"tr","@id":"https:\/\/dededen.com\/#\/schema\/logo\/image\/","url":"https:\/\/dededen.com\/wp-content\/uploads\/2024\/12\/dededen-fav.png","contentUrl":"https:\/\/dededen.com\/wp-content\/uploads\/2024\/12\/dededen-fav.png","width":512,"height":512,"caption":"dededen"},"image":{"@id":"https:\/\/dededen.com\/#\/schema\/logo\/image\/"},"sameAs":["https:\/\/www.instagram.com\/de.de.den\/"]}]}},"_links":{"self":[{"href":"https:\/\/dededen.com\/index.php\/wp-json\/wp\/v2\/product\/1239","targetHints":{"allow":["GET"]}}],"collection":[{"href":"https:\/\/dededen.com\/index.php\/wp-json\/wp\/v2\/product"}],"about":[{"href":"https:\/\/dededen.com\/index.php\/wp-json\/wp\/v2\/types\/product"}],"wp:featuredmedia":[{"embeddable":true,"href":"https:\/\/dededen.com\/index.php\/wp-json\/wp\/v2\/media\/873"}],"wp:attachment":[{"href":"https:\/\/dededen.com\/index.php\/wp-json\/wp\/v2\/media?parent=1239"}],"wp:term":[{"taxonomy":"product_brand","embeddable":true,"href":"https:\/\/dededen.com\/index.php\/wp-json\/wp\/v2\/product_brand?post=1239"},{"taxonomy":"product_cat","embeddable":true,"href":"https:\/\/dededen.com\/index.php\/wp-json\/wp\/v2\/product_cat?post=1239"},{"taxonomy":"product_tag","embeddable":true,"href":"https:\/\/dededen.com\/index.php\/wp-json\/wp\/v2\/product_tag?post=1239"}],"curies":[{"name":"wp","href":"https:\/\/api.w.org\/{rel}","templated":true}]}}