{"id":1208,"date":"2023-12-29T00:00:34","date_gmt":"2023-12-29T00:00:34","guid":{"rendered":"https:\/\/dededen.com\/?page_id=1208"},"modified":"2024-01-03T14:40:39","modified_gmt":"2024-01-03T14:40:39","slug":"mesafeli-satis-sozlesmesi","status":"publish","type":"page","link":"https:\/\/dededen.com\/index.php\/mesafeli-satis-sozlesmesi\/","title":{"rendered":"Mesafeli Sat\u0131\u015f S\u00f6zle\u015fmesi"},"content":{"rendered":"\t\t<div data-elementor-type=\"wp-page\" data-elementor-id=\"1208\" class=\"elementor elementor-1208\" data-elementor-post-type=\"page\">\n\t\t\t\t<div class=\"elementor-element elementor-element-566140e e-flex e-con-boxed e-con e-parent\" data-id=\"566140e\" data-element_type=\"container\" data-e-type=\"container\" data-settings=\"{&quot;background_background&quot;:&quot;classic&quot;}\">\n\t\t\t\t\t<div class=\"e-con-inner\">\n\t\t\t\t<div class=\"elementor-element elementor-element-7f6db16 elementor-widget elementor-widget-text-editor\" data-id=\"7f6db16\" data-element_type=\"widget\" data-e-type=\"widget\" data-widget_type=\"text-editor.default\">\n\t\t\t\t<div class=\"elementor-widget-container\">\n\t\t\t\t\t\t\t\t\t<p><strong>MESAFEL\u0130 SATI\u015e S\u00d6ZLE\u015eMES\u0130<\/strong><\/p><p>MADDE 1 TARAFLAR<br \/>1.1-SATICI<br \/>\u00dcnvan\u0131: Familia G\u0131da Anonim \u015eirketi<br \/>Adres: Ayd\u0131nlar Mah. 3056. Cad. No:22 \u015eehitkamil-Gaziantep<br \/>Telefon: 0342 266 00 76<br \/>Whatsapp \u0130leti\u015fim Hatt\u0131: 0536 292 72 19<br \/>E-posta: info@familiagida.com<br \/>1.2-ALICI<br \/>Ad\u0131-Soyad\u0131\/ \u00dcnvan\u0131:<br \/>Adres:<br \/>Telefon:<br \/>E-posta:<\/p><p>MADDE 2 KONU<br \/>\u0130\u015fbu s\u00f6zle\u015fmenin konusu, M\u00dc\u015eTER\u0130\u2019nin\u00a0www.dededen.com\u00a0internet sitesinden elektronik ortamda sipari\u015fini yapt\u0131\u011f\u0131 ve Madde 3.1 de kodu, ad\u0131, adedi ve sat\u0131\u015f fiyat\u0131 belirtilen \u00fcr\u00fcn\u00fcn\/\u00fcr\u00fcnlerin sat\u0131\u015f\u0131 ve teslimi ile ilgili olarak 6502 say\u0131l\u0131 T\u00fcketicinin Korunmas\u0131 Hakk\u0131ndaki Kanun h\u00fck\u00fcmleri gere\u011fince taraflar\u0131n hak ve y\u00fck\u00fcml\u00fcl\u00fcklerinin saptanmas\u0131d\u0131r.<\/p><p>MADDE 3\u00a0S\u00d6ZLE\u015eME KONUSU \u00dcR\u00dcN, \u00d6DEME VE TESL\u0130MATINA \u0130L\u0130\u015eK\u0130N HUSUSLARIN BEL\u0130RLENMES\u0130<br \/>3.1-\u00dcR\u00dcNLER\u2028Mal ya da hizmetlerin temel \u00f6zellikleri www.dededen.com adresinde yer almaktad\u0131r.\u00a0<br \/>Listelenen ve sitede ilan edilen fiyatlar sat\u0131\u015f fiyat\u0131d\u0131r. \u0130lan edilen fiyatlar ve vaatler g\u00fcncelleme yap\u0131lana ve de\u011fi\u015ftirilene kadar ge\u00e7erlidir. S\u00fcreli olarak ilan edilen fiyatlar ise belirtilen s\u00fcre sonuna kadar ge\u00e7erlidir.<br \/>S\u00f6zle\u015fme Konusu mal ya da hizmetin t\u00fcm vergileri sat\u0131\u015f fiyat\u0131na dahildir.\u2028\u20283.2-TESL\u0130MAT \u015eEKL\u0130 VE PLANI<br \/>Teslimat Adresi:<br \/>Teslim Edilecek Ki\u015fi:<br \/>Fatura Bilgileri:<\/p><p>\u00dcr\u00fcn sevkiyatlar\u0131na \u00fcr\u00fcn Familia G\u0131da A.\u015e. taraf\u0131ndan tedarik edildikten sonraki en ge\u00e7 2 i\u015fg\u00fcn\u00fc i\u00e7inde ba\u015flanacakt\u0131r. \u00dcr\u00fcn sevkiyat masraf\u0131 olan kargo \u00fccreti sipari\u015f sayfas\u0131na yans\u0131t\u0131lacak olup ALICI taraf\u0131ndan sat\u0131nalma s\u0131ras\u0131nda \u00f6denecektir.\u00a0\u2028\u20283.3 GEC\u0130KME FA\u0130Z\u0130<br \/>\u00d6deme pe\u015fin ya da kredi kart\u0131 ile yap\u0131laca\u011f\u0131 i\u00e7in SATICI taraf\u0131ndan gecikme faizi uygulanmaz.\u2028<br \/>MADDE 4 GENEL H\u00dcK\u00dcMLER\u20284.1) ALICI, www.dededen.com internet sitesinde s\u00f6zle\u015fme konusu \u00fcr\u00fcn\u00fcn temel nitelikleri, sat\u0131\u015f fiyat\u0131 ve \u00f6deme \u015fekli ile teslimata ili\u015fkin \u00f6n bilgileri okuyup bilgi sahibi oldu\u011funu ve elektronik ortamda gerekli teyidi verdi\u011fini beyan eder. ALICI; bu \u00d6n Bilgilendirmeyi elektronik ortamda teyit etmekle, mesafeli s\u00f6zle\u015fmelerin akdinden \u00f6nce, SATICI taraf\u0131ndan ALICI\u2019ya verilmesi gereken adres, sipari\u015fi verilen \u00fcr\u00fcnlere ait temel \u00f6zellikler, \u00fcr\u00fcnlerin vergiler dahil fiyat\u0131, \u00f6deme ve teslimat bilgilerini de do\u011fru ve eksiksiz olarak edindi\u011fini teyid etmi\u015f olur.\u2028\u20284.2) S\u00f6zle\u015fme konusu \u00fcr\u00fcn, yasal 30 g\u00fcnl\u00fck s\u00fcreyi a\u015fmamak ko\u015fulu ile her bir \u00fcr\u00fcn i\u00e7in ALICI\u2019n\u0131n yerle\u015fim yerinin uzakl\u0131\u011f\u0131na ba\u011fl\u0131 olarak internet sitesinde yer alan \u00f6n bilgiler i\u00e7inde a\u00e7\u0131klanan s\u00fcre i\u00e7inde ALICI veya g\u00f6sterdi\u011fi adresteki ki\u015fi\/kurulu\u015fa teslim edilir.\u2028\u20284.3) Kargo firmas\u0131n\u0131n, \u00fcr\u00fcn\u00fc ALICI\u2019ya teslimi a\u015famas\u0131nda kar\u015f\u0131la\u015faca\u011f\u0131 her t\u00fcrl\u00fc sorun nedeniyle, sipari\u015fi verilen \u00fcr\u00fcn\u00fcn ALICI\u2019ya teslim edilememesinden dolay\u0131 SATICI sorumlu tutulamaz.\u2028\u20284.4) SATICI, s\u00f6zle\u015fme konusu \u00fcr\u00fcn\u00fcn sa\u011flam, eksiksiz, sipari\u015fte belirtilen niteliklere uygun teslim edilmesinden sorumludur.\u2028\u20284.5) SATICI, s\u00f6zle\u015fmeden do\u011fan ifa y\u00fck\u00fcml\u00fcl\u00fc\u011f\u00fcn\u00fcn s\u00fcresi dolmadan ALICI\u2019y\u0131 bilgilendirmek ve a\u00e7\u0131k\u00e7a onay\u0131n\u0131 almak suretiyle e\u015fit kalite ve fiyatta farkl\u0131 bir \u00fcr\u00fcn tedarik edebilir.\u2028\u20284.6) SATICI, sipari\u015f konusu \u00fcr\u00fcn veya hizmetin yerine getirilmesinin imk\u00e2ns\u0131zla\u015fmas\u0131 halinde s\u00f6zle\u015fme konusu y\u00fck\u00fcml\u00fcl\u00fcklerini yerine getiremezse, bu durumu, s\u00f6zle\u015fmeden do\u011fan ifa y\u00fck\u00fcml\u00fcl\u00fc\u011f\u00fcn\u00fcn s\u00fcresi dolmadan t\u00fcketiciye bildirir ve 10 i\u015f g\u00fcnl\u00fck s\u00fcre i\u00e7inde toplam bedeli ALICI\u2019ya iade eder.\u2028\u20284.7) \u00dcr\u00fcn\u00fcn teslimat\u0131 i\u00e7in i\u015fbu \u00d6n Bilgilendirme Formunun elektronik ortamda teyid edilmesi \u015fartt\u0131r. Herhangi bir nedenle \u00fcr\u00fcn bedeli \u00f6denmez veya banka kay\u0131tlar\u0131nda iptal edilir ise, SATICI \u00fcr\u00fcn\u00fcn teslimi y\u00fck\u00fcml\u00fcl\u00fc\u011f\u00fcnden kurtulmu\u015f kabul edilir.\u2028\u20284.8) \u00dcr\u00fcn\u00fcn tesliminden sonra ALICI\u2019ya ait kredi kart\u0131n\u0131n ALICI\u2019n\u0131n kusurundan kaynaklanmayan bir \u015fekilde yetkisiz ki\u015filerce haks\u0131z veya hukuka ayk\u0131r\u0131 olarak kullan\u0131lmas\u0131 nedeni ile ilgili banka veya finans kurulu\u015fun \u00fcr\u00fcn bedelini SATICI\u2019ya \u00f6dememesi halinde, ALICI kendisine teslim edilmi\u015f olmas\u0131 kayd\u0131yla \u00fcr\u00fcn\u00fc 3 g\u00fcn i\u00e7inde SATICI\u2019ya iade etmek zorundad\u0131r. Bu takdirde nakliye giderleri ALICI\u2019ya aittir.\u2028\u20284.9) ALICI, SATICI\u2019n\u0131n \u00fcr\u00fcn\u00fc kargoya verildikten sonra sipari\u015fi iptal etmesi durumunda: \u00dcr\u00fcnler, ALICI taraf\u0131ndan SATICI\u2019ya sa\u011flam\/paketi a\u00e7\u0131lmam\u0131\u015f \u015fekilde ve kargo iade \u00fccreti ALICI taraf\u0131ndan kar\u015f\u0131lanarak iade edildi\u011fi takdirde geri \u00f6demesi yap\u0131lacakt\u0131r.\u2028\u2028MADDE 5 \u00d6DEME \u0130ADE PROSED\u00dcR\u00dc<br \/>* M\u00dc\u015eTER\u0130\u2019nin cayma hakk\u0131n\u0131 kulland\u0131\u011f\u0131 durumlarda ya da sipari\u015fe konu olan \u00fcr\u00fcn\u00fcn \u00e7e\u015fitli sebeplerle tedarik edilememesi veya hakem heyeti kararlar\u0131 ile M\u00dc\u015eTER\u0130\u2019ye bedel iadesine karar verilen durumlarda, SATICI tahsil etmi\u015f oldu\u011fu tutar\u0131n tamam\u0131n\u0131 tahsilat\u0131n yap\u0131ld\u0131\u011f\u0131 kredi kart\u0131na tek seferde 14 g\u00fcn i\u00e7erisinde iade edecektir.<\/p><p>* Banka taraf\u0131ndan, M\u00dc\u015eTER\u0130 \u00fcr\u00fcn\u00fc ka\u00e7 taksit ile ald\u0131ysa \u00f6deme iadesini de yine taksitli olarak ayn\u0131 adetteki taksitle M\u00dc\u015eTER\u0130 kredi kartlar\u0131na yapmaktad\u0131r. E\u011fer iade tarihi ile kart\u0131n hesap kesim tarihleri \u00e7ak\u0131\u015fmazsa her ay karta 1 (bir) iade yans\u0131yacak ve M\u00dc\u015eTER\u0130 iade \u00f6ncesinde \u00f6demi\u015f oldu\u011fu taksitleri sat\u0131\u015f\u0131n taksitleri bittikten sonra, iade \u00f6ncesinde \u00f6demi\u015f oldu\u011fu taksitleri say\u0131s\u0131 kadar ay daha alacak ve mevcut bor\u00e7lar\u0131ndan d\u00fc\u015fm\u00fc\u015f olacakt\u0131r ve ilgili iade bi\u00e7imi SATICI\u2019y\u0131 ba\u011flamaz.<\/p><p>* Sat\u0131n al\u0131nm\u0131\u015f \u00fcr\u00fcnlerin iadesi durumunda; SATICI tahsil etmi\u015f oldu\u011fu tutar\u0131n tamam\u0131n\u0131 tahsilat\u0131n yap\u0131ld\u0131\u011f\u0131 kredi kart\u0131na tek seferde iade edecektir. Banka taraf\u0131ndan, M\u00dc\u015eTER\u0130 \u00fcr\u00fcn\u00fc ka\u00e7 taksit ile ald\u0131ysa \u00f6deme iadesini de yine taksitli olarak ayn\u0131 adetteki taksitle M\u00dc\u015eTER\u0130 kredi kartlar\u0131na yapmaktad\u0131r. E\u011fer iade tarihi ile kart\u0131n hesap kesim tarihleri \u00e7ak\u0131\u015fmazsa her ay karta 1 (bir) iade yans\u0131yacak ve M\u00dc\u015eTER\u0130 iade \u00f6ncesinde \u00f6demi\u015f oldu\u011fu taksitleri sat\u0131\u015f\u0131n taksitleri bittikten sonra, iade \u00f6ncesinde \u00f6demi\u015f oldu\u011fu taksitleri say\u0131s\u0131 kadar ay daha alacak ve mevcut bor\u00e7lar\u0131ndan d\u00fc\u015fm\u00fc\u015f olacakt\u0131r.<br \/>M\u00dc\u015eTER\u0130, bu prosed\u00fcr\u00fc okudu\u011funu ve kabul etti\u011fini kabul ve taahh\u00fct eder.\u2028<br \/>MADDE 6 CAYMA HAKKI<br \/>ALICI; mal sat\u0131\u015f\u0131na ili\u015fkin mesafeli s\u00f6zle\u015fmelerde, \u00fcr\u00fcn\u00fcn kendisine veya g\u00f6sterdi\u011fi adresteki ki\u015fi\/kurulu\u015fa teslim tarihinden itibaren 14 (ond\u00f6rt) i\u015f g\u00fcn\u00fc i\u00e7erisinde hi\u00e7bir hukuki ve cezai sorumluluk \u00fcstlenmeksizin ve hi\u00e7bir gerek\u00e7e g\u00f6stermeksizin mal\u0131 reddederek s\u00f6zle\u015fmeden cayma hakk\u0131n\u0131 kullanabilir. Hizmet sunumuna ili\u015fkin mesafeli s\u00f6zle\u015fmelerde ise, bu s\u00fcre s\u00f6zle\u015fmenin imzaland\u0131\u011f\u0131 tarihte ba\u015flar. Cayma hakk\u0131 s\u00fcresi sona ermeden \u00f6nce, t\u00fcketicinin onay\u0131 ile hizmetin ifas\u0131na ba\u015flanan hizmet s\u00f6zle\u015fmelerinde cayma hakk\u0131 kullan\u0131lamaz. Cayma hakk\u0131n\u0131n kullan\u0131m\u0131ndan kaynaklanan masraflar SATICI\u2019ya aittir. Cayma hakk\u0131n\u0131n kullan\u0131lmas\u0131 i\u00e7in 14 i\u015f g\u00fcnl\u00fck s\u00fcre i\u00e7inde SATICI\u2019ya iadeli taahh\u00fctl\u00fc posta, faks veya e-posta ile yaz\u0131l\u0131 bildirimde bulunulmas\u0131 ve \u00fcr\u00fcn\u00fcn 5-e\u00a0madde h\u00fck\u00fcmleri \u00e7er\u00e7evesinde kullan\u0131lmam\u0131\u015f olmas\u0131 \u015fartt\u0131r. Bu hakk\u0131n kullan\u0131lmas\u0131 halinde,\u2028a) 3. ki\u015fiye veya ALICI\u2019ya teslim edilen \u00fcr\u00fcn\u00fcn faturas\u0131, (\u0130ade edilmek istenen \u00fcr\u00fcn\u00fcn faturas\u0131 kurumsal ise, geri iade ederken kurumun d\u00fczenlemi\u015f oldu\u011fu iade faturas\u0131 ile birlikte g\u00f6nderilmesi gerekmektedir. Faturas\u0131 kurumlar ad\u0131na d\u00fczenlenen sipari\u015f iadeleri \u0130ADE FATURASI kesilmedi\u011fi takdirde tamamlanamayacakt\u0131r.)\u2028b) Cayma hakk\u0131n\u0131 kullan\u0131rken belirtilen dilek\u00e7e,\u2028c) \u0130ade edilecek \u00fcr\u00fcnlerin kutusu, ambalaj\u0131, varsa standart aksesuarlar\u0131 ile birlikte eksiksiz ve hasars\u0131z olarak teslim edilmesi gerekmektedir.\u2028d) SATICI, cayma bildiriminin kendisine ula\u015fmas\u0131nda itibaren en ge\u00e7 10 g\u00fcnl\u00fck s\u00fcre i\u00e7erisinde toplam bedeli ve al\u0131c\u0131y\u0131 bor\u00e7 alt\u0131na sokan belgeleri ALICI\u2019ya iade etmek ve 20 g\u00fcnl\u00fck s\u00fcre i\u00e7erisinde mal\u0131 iade almakla y\u00fck\u00fcml\u00fcd\u00fcr.\u2028e) ALICI\u2019n\u0131n kusurundan kaynaklanan bir nedenle mal\u0131n de\u011ferinde bir azalma olursa veya iade imkans\u0131zla\u015f\u0131rsa ALICI kusuru oran\u0131nda SATICI\u2019n\u0131n zararlar\u0131n\u0131 tazmin etmekle y\u00fck\u00fcml\u00fcd\u00fcr. Ki\u015fiye \u00f6zel \u00f6l\u00e7\u00fc ve \u00fcr\u00fcnler SATICI taraf\u0131ndan iade al\u0131namaz. Hijyen gerektiren k\u00fcpe vb \u00fcr\u00fcnler SATICI taraf\u0131ndan iade al\u0131namaz. Cayma hakk\u0131 kullan\u0131lmak istenen \u00fcr\u00fcnler kullan\u0131lmam\u0131\u015f olmal\u0131d\u0131r. Bir defaya mahsus paketi a\u00e7\u0131lan teknolojik \u00fcr\u00fcnler SATICI taraf\u0131ndan iade al\u0131namamaktad\u0131r.\u2028f) Cayma hakk\u0131n\u0131n kullan\u0131lmas\u0131 nedeniyle SATICI taraf\u0131ndan d\u00fczenlenen Al\u0131\u015fveri\u015f \u00e7eki kullanabilme tutar\u0131n\u0131n alt\u0131na d\u00fc\u015f\u00fclmesi halinde kampanya kapsam\u0131nda faydalan\u0131lan Al\u0131\u015fveri\u015f \u00e7eki tutar\u0131 iptal edilir.<\/p><p>MADDE 7 AYIPLI \u00dcR\u00dcN \u0130ADES\u0130\u2028Standart olarak, sipari\u015finiz paketlenmeden ve kargoya teslim edilmeden \u00f6nce kalite kontrol\u00fc yap\u0131lmaktad\u0131r. Ancak yine de \u00fcr\u00fcnden kaynaklanan herhangi bir ay\u0131p olmas\u0131 durumunda, \u00fcr\u00fcn\u00fc teslim ald\u0131\u011f\u0131n\u0131z tarihten itibaren 7 (yedi) g\u00fcn i\u00e7inde iade edebilirsiniz.\u2028Sipari\u015fim kargoda eksik \u00e7\u0131karsa ne yapmal\u0131y\u0131m?\u2028Sipari\u015finizi kontrol ettikten sonra imzalayarak teslim al\u0131n\u0131z. E\u011fer kargonuz da bir kar\u0131\u015f\u0131kl\u0131k ya da eksiklik varsa teslim almadan kargo g\u00f6revlisine tutanak tutturarak kargoyu iade etmelisiniz.\u2028Sipari\u015fim kargoda hasarl\u0131 olarak \u00e7\u0131karsa ne yapmal\u0131y\u0131m?\u2028www.dededen.com\u2019 dan yapm\u0131\u015f oldu\u011funuz al\u0131\u015fveri\u015finiz ilgili kargo \u015firketi taraf\u0131ndan teslim al\u0131nd\u0131\u011f\u0131 andan itibaren, size teslim edildi\u011fi ana kadar kargo firmas\u0131 g\u00fcvencesi alt\u0131nda olup, ta\u015f\u0131nma ambalaj\u0131 ve kutusu zarar g\u00f6rm\u00fc\u015f olan kargolar\u0131n\u0131z i\u00e7in kargo g\u00f6revlisine hasar tespit tutana\u011f\u0131 tutturman\u0131z gerekmektedir.\u2028T\u00fcm sorular\u0131n\u0131z ve \u015fikayetleriniz i\u00e7in adresine mail atabilir veya 0536 292 72 19 numaraya whatsapp \u00fczerinden mesaj atarak m\u00fc\u015fteri temsilcilerimiz ile g\u00f6r\u00fc\u015febilirsiniz.<\/p><p>MADDE 8 YETK\u0130L\u0130 MAHKEME<br \/>\u0130\u015fbu s\u00f6zle\u015fmenin uygulanmas\u0131nda, Sanayi ve Ticaret Bakanl\u0131\u011f\u0131nca ilan edilen de\u011fere kadar T\u00fcketici Hakem Heyetleri ile ALICI\u2019n\u0131n veya SATICI\u2019n\u0131n yerle\u015fim yerindeki T\u00fcketici Mahkemeleri yetkilidir. Al\u0131c\u0131 taraf\u0131ndan ba\u015fvurulacak\u00a0 merciilerdir.<br \/>Sipari\u015fin ger\u00e7ekle\u015fmesi durumunda ALICI i\u015fbu s\u00f6zle\u015fmenin t\u00fcm ko\u015fullar\u0131n\u0131 kabul etmi\u015f say\u0131l\u0131r.<br \/>\u0130\u015fbu S\u00f6zle\u015fme ticari ama\u00e7larla yap\u0131lm\u0131\u015ft\u0131r.<\/p><p>SATICI: Familia G\u0131da A.\u015e.<br \/>ALICI:<br \/>TAR\u0130H:<\/p>\t\t\t\t\t\t\t\t<\/div>\n\t\t\t\t<\/div>\n\t\t\t\t\t<\/div>\n\t\t\t\t<\/div>\n\t\t\t\t<\/div>\n\t\t","protected":false},"excerpt":{"rendered":"<p>MESAFEL\u0130 SATI\u015e S\u00d6ZLE\u015eMES\u0130 MADDE 1 TARAFLAR1.1-SATICI\u00dcnvan\u0131: Familia G\u0131da Anonim \u015eirketiAdres: Ayd\u0131nlar Mah. 3056. Cad. No:22 \u015eehitkamil-GaziantepTelefon: 0342 266 00 76Whatsapp \u0130leti\u015fim Hatt\u0131: 0536 292 72 19E-posta: info@familiagida.com1.2-ALICIAd\u0131-Soyad\u0131\/ \u00dcnvan\u0131:Adres:Telefon:E-posta: MADDE 2 KONU\u0130\u015fbu s\u00f6zle\u015fmenin konusu, M\u00dc\u015eTER\u0130\u2019nin\u00a0www.dededen.com\u00a0internet sitesinden elektronik ortamda sipari\u015fini yapt\u0131\u011f\u0131 ve Madde 3.1 de kodu, ad\u0131, adedi ve sat\u0131\u015f fiyat\u0131 belirtilen \u00fcr\u00fcn\u00fcn\/\u00fcr\u00fcnlerin sat\u0131\u015f\u0131 ve teslimi ile [&hellip;]<\/p>\n","protected":false},"author":1,"featured_media":0,"parent":0,"menu_order":0,"comment_status":"closed","ping_status":"closed","template":"elementor_header_footer","meta":{"footnotes":""},"class_list":["post-1208","page","type-page","status-publish","hentry"],"yoast_head":"<!-- This site is optimized with the Yoast SEO plugin v27.3 - https:\/\/yoast.com\/product\/yoast-seo-wordpress\/ -->\n<title>Mesafeli Sat\u0131\u015f S\u00f6zle\u015fmesi - dededen<\/title>\n<meta name=\"robots\" content=\"index, follow, max-snippet:-1, max-image-preview:large, max-video-preview:-1\" \/>\n<link rel=\"canonical\" href=\"https:\/\/dededen.com\/index.php\/mesafeli-satis-sozlesmesi\/\" \/>\n<meta property=\"og:locale\" content=\"tr_TR\" \/>\n<meta property=\"og:type\" content=\"article\" \/>\n<meta property=\"og:title\" content=\"Mesafeli Sat\u0131\u015f S\u00f6zle\u015fmesi - dededen\" \/>\n<meta property=\"og:description\" content=\"MESAFEL\u0130 SATI\u015e S\u00d6ZLE\u015eMES\u0130 MADDE 1 TARAFLAR1.1-SATICI\u00dcnvan\u0131: Familia G\u0131da Anonim \u015eirketiAdres: Ayd\u0131nlar Mah. 3056. Cad. No:22 \u015eehitkamil-GaziantepTelefon: 0342 266 00 76Whatsapp \u0130leti\u015fim Hatt\u0131: 0536 292 72 19E-posta: info@familiagida.com1.2-ALICIAd\u0131-Soyad\u0131\/ \u00dcnvan\u0131:Adres:Telefon:E-posta: MADDE 2 KONU\u0130\u015fbu s\u00f6zle\u015fmenin konusu, M\u00dc\u015eTER\u0130\u2019nin\u00a0www.dededen.com\u00a0internet sitesinden elektronik ortamda sipari\u015fini yapt\u0131\u011f\u0131 ve Madde 3.1 de kodu, ad\u0131, adedi ve sat\u0131\u015f fiyat\u0131 belirtilen \u00fcr\u00fcn\u00fcn\/\u00fcr\u00fcnlerin sat\u0131\u015f\u0131 ve teslimi ile [&hellip;]\" \/>\n<meta property=\"og:url\" content=\"https:\/\/dededen.com\/index.php\/mesafeli-satis-sozlesmesi\/\" \/>\n<meta property=\"og:site_name\" content=\"dededen\" \/>\n<meta property=\"article:modified_time\" content=\"2024-01-03T14:40:39+00:00\" \/>\n<meta name=\"twitter:card\" content=\"summary_large_image\" \/>\n<meta name=\"twitter:label1\" content=\"Tahmini okuma s\u00fcresi\" \/>\n\t<meta name=\"twitter:data1\" content=\"9 dakika\" \/>\n<!-- \/ Yoast SEO plugin. -->","yoast_head_json":{"title":"Mesafeli Sat\u0131\u015f S\u00f6zle\u015fmesi - dededen","robots":{"index":"index","follow":"follow","max-snippet":"max-snippet:-1","max-image-preview":"max-image-preview:large","max-video-preview":"max-video-preview:-1"},"canonical":"https:\/\/dededen.com\/index.php\/mesafeli-satis-sozlesmesi\/","og_locale":"tr_TR","og_type":"article","og_title":"Mesafeli Sat\u0131\u015f S\u00f6zle\u015fmesi - dededen","og_description":"MESAFEL\u0130 SATI\u015e S\u00d6ZLE\u015eMES\u0130 MADDE 1 TARAFLAR1.1-SATICI\u00dcnvan\u0131: Familia G\u0131da Anonim \u015eirketiAdres: Ayd\u0131nlar Mah. 3056. Cad. No:22 \u015eehitkamil-GaziantepTelefon: 0342 266 00 76Whatsapp \u0130leti\u015fim Hatt\u0131: 0536 292 72 19E-posta: info@familiagida.com1.2-ALICIAd\u0131-Soyad\u0131\/ \u00dcnvan\u0131:Adres:Telefon:E-posta: MADDE 2 KONU\u0130\u015fbu s\u00f6zle\u015fmenin konusu, M\u00dc\u015eTER\u0130\u2019nin\u00a0www.dededen.com\u00a0internet sitesinden elektronik ortamda sipari\u015fini yapt\u0131\u011f\u0131 ve Madde 3.1 de kodu, ad\u0131, adedi ve sat\u0131\u015f fiyat\u0131 belirtilen \u00fcr\u00fcn\u00fcn\/\u00fcr\u00fcnlerin sat\u0131\u015f\u0131 ve teslimi ile [&hellip;]","og_url":"https:\/\/dededen.com\/index.php\/mesafeli-satis-sozlesmesi\/","og_site_name":"dededen","article_modified_time":"2024-01-03T14:40:39+00:00","twitter_card":"summary_large_image","twitter_misc":{"Tahmini okuma s\u00fcresi":"9 dakika"},"schema":{"@context":"https:\/\/schema.org","@graph":[{"@type":"WebPage","@id":"https:\/\/dededen.com\/index.php\/mesafeli-satis-sozlesmesi\/","url":"https:\/\/dededen.com\/index.php\/mesafeli-satis-sozlesmesi\/","name":"Mesafeli Sat\u0131\u015f S\u00f6zle\u015fmesi - dededen","isPartOf":{"@id":"https:\/\/dededen.com\/#website"},"datePublished":"2023-12-29T00:00:34+00:00","dateModified":"2024-01-03T14:40:39+00:00","breadcrumb":{"@id":"https:\/\/dededen.com\/index.php\/mesafeli-satis-sozlesmesi\/#breadcrumb"},"inLanguage":"tr","potentialAction":[{"@type":"ReadAction","target":["https:\/\/dededen.com\/index.php\/mesafeli-satis-sozlesmesi\/"]}]},{"@type":"BreadcrumbList","@id":"https:\/\/dededen.com\/index.php\/mesafeli-satis-sozlesmesi\/#breadcrumb","itemListElement":[{"@type":"ListItem","position":1,"name":"Anasayfa","item":"https:\/\/dededen.com\/"},{"@type":"ListItem","position":2,"name":"Mesafeli Sat\u0131\u015f S\u00f6zle\u015fmesi"}]},{"@type":"WebSite","@id":"https:\/\/dededen.com\/#website","url":"https:\/\/dededen.com\/","name":"dededen","description":"\u201cDededen\u201d bir Familia G\u0131da markas\u0131d\u0131r\u00ae\u201cDededen\u201d is a Familia Food Inc.\u00a0Company\u00a0brand\u00ae","publisher":{"@id":"https:\/\/dededen.com\/#organization"},"potentialAction":[{"@type":"SearchAction","target":{"@type":"EntryPoint","urlTemplate":"https:\/\/dededen.com\/?s={search_term_string}"},"query-input":{"@type":"PropertyValueSpecification","valueRequired":true,"valueName":"search_term_string"}}],"inLanguage":"tr"},{"@type":"Organization","@id":"https:\/\/dededen.com\/#organization","name":"dededen","url":"https:\/\/dededen.com\/","logo":{"@type":"ImageObject","inLanguage":"tr","@id":"https:\/\/dededen.com\/#\/schema\/logo\/image\/","url":"https:\/\/dededen.com\/wp-content\/uploads\/2024\/12\/dededen-fav.png","contentUrl":"https:\/\/dededen.com\/wp-content\/uploads\/2024\/12\/dededen-fav.png","width":512,"height":512,"caption":"dededen"},"image":{"@id":"https:\/\/dededen.com\/#\/schema\/logo\/image\/"},"sameAs":["https:\/\/www.instagram.com\/de.de.den\/"]}]}},"_links":{"self":[{"href":"https:\/\/dededen.com\/index.php\/wp-json\/wp\/v2\/pages\/1208","targetHints":{"allow":["GET"]}}],"collection":[{"href":"https:\/\/dededen.com\/index.php\/wp-json\/wp\/v2\/pages"}],"about":[{"href":"https:\/\/dededen.com\/index.php\/wp-json\/wp\/v2\/types\/page"}],"author":[{"embeddable":true,"href":"https:\/\/dededen.com\/index.php\/wp-json\/wp\/v2\/users\/1"}],"replies":[{"embeddable":true,"href":"https:\/\/dededen.com\/index.php\/wp-json\/wp\/v2\/comments?post=1208"}],"version-history":[{"count":22,"href":"https:\/\/dededen.com\/index.php\/wp-json\/wp\/v2\/pages\/1208\/revisions"}],"predecessor-version":[{"id":1751,"href":"https:\/\/dededen.com\/index.php\/wp-json\/wp\/v2\/pages\/1208\/revisions\/1751"}],"wp:attachment":[{"href":"https:\/\/dededen.com\/index.php\/wp-json\/wp\/v2\/media?parent=1208"}],"curies":[{"name":"wp","href":"https:\/\/api.w.org\/{rel}","templated":true}]}}